{"id":364,"date":"2020-08-27T10:22:28","date_gmt":"2020-08-27T10:22:28","guid":{"rendered":"https:\/\/feuerwehr-fulda-ost.de\/?page_id=364"},"modified":"2020-08-27T10:36:33","modified_gmt":"2020-08-27T10:36:33","slug":"lf-20","status":"publish","type":"page","link":"https:\/\/feuerwehr-fulda-ost.de\/index.php\/lf-20\/","title":{"rendered":"LF 20"},"content":{"rendered":"<p>Am 27.08.2020 haben wir unser neues LF20 aus Fulda Nord \u00fcbernehmen d\u00fcrfen.<\/p>\n<p><img loading=\"lazy\" decoding=\"async\" class=\"alignnone size-medium wp-image-370\" src=\"https:\/\/feuerwehr-fulda-ost.de\/wp-content\/uploads\/2020\/08\/IMG_4942copy-300x293.jpg\" alt=\"\" width=\"300\" height=\"293\" srcset=\"https:\/\/feuerwehr-fulda-ost.de\/wp-content\/uploads\/2020\/08\/IMG_4942copy-300x293.jpg 300w, https:\/\/feuerwehr-fulda-ost.de\/wp-content\/uploads\/2020\/08\/IMG_4942copy-1024x1001.jpg 1024w, https:\/\/feuerwehr-fulda-ost.de\/wp-content\/uploads\/2020\/08\/IMG_4942copy-768x751.jpg 768w, https:\/\/feuerwehr-fulda-ost.de\/wp-content\/uploads\/2020\/08\/IMG_4942copy-1536x1501.jpg 1536w, https:\/\/feuerwehr-fulda-ost.de\/wp-content\/uploads\/2020\/08\/IMG_4942copy-2048x2001.jpg 2048w, https:\/\/feuerwehr-fulda-ost.de\/wp-content\/uploads\/2020\/08\/IMG_4942copy-700x684.jpg 700w, https:\/\/feuerwehr-fulda-ost.de\/wp-content\/uploads\/2020\/08\/IMG_4942copy-410x401.jpg 410w, https:\/\/feuerwehr-fulda-ost.de\/wp-content\/uploads\/2020\/08\/IMG_4942copy-100x98.jpg 100w, https:\/\/feuerwehr-fulda-ost.de\/wp-content\/uploads\/2020\/08\/IMG_4942copy-275x269.jpg 275w\" sizes=\"auto, (max-width: 300px) 100vw, 300px\" \/><\/p>\n<p>Das L\u00f6schgruppenfahrzeug 20 ist das zweite Fahrzeug, welches bei einem Einsatz ausr\u00fcckt.<\/p>\n<p>Technische Daten:<\/p>\n<ul>\n<li>Funkrufname Florian Fulda 50\/46\/1<\/li>\n<li>Fahrgestell: Iveco 140 E 30<\/li>\n<li>Leistung: 300 PS<\/li>\n<li>Aufbau: Magirus AluFire 3<\/li>\n<li>Wassertank: 2000 Liter<\/li>\n<li>Schaumtank 150 Liter<\/li>\n<li>Gesamtgewicht: 14.500 Kg<\/li>\n<li>Baujahr: 2008<\/li>\n<\/ul>\n","protected":false},"excerpt":{"rendered":"<p>Am 27.08.2020 haben wir unser neues LF20 aus Fulda Nord \u00fcbernehmen d\u00fcrfen. Das L\u00f6schgruppenfahrzeug 20 ist das zweite Fahrzeug, welches bei einem Einsatz ausr\u00fcckt. Technische Daten: Funkrufname Florian Fulda 50\/46\/1 Fahrgestell: Iveco 140 E 30 Leistung: 300 PS Aufbau: Magirus AluFire 3 Wassertank: 2000 Liter Schaumtank 150 Liter Gesamtgewicht: 14.500 Kg Baujahr: 2008<\/p>\n","protected":false},"author":3,"featured_media":0,"parent":0,"menu_order":0,"comment_status":"closed","ping_status":"closed","template":"","meta":{"footnotes":""},"class_list":["post-364","page","type-page","status-publish","hentry"],"yoast_head":"<!-- This site is optimized with the Yoast SEO plugin v27.5 - https:\/\/yoast.com\/product\/yoast-seo-wordpress\/ -->\n<title>LF 20 - Freiwillige Feuerwehr Fulda-Ost<\/title>\n<meta name=\"robots\" content=\"index, follow, max-snippet:-1, max-image-preview:large, max-video-preview:-1\" \/>\n<link rel=\"canonical\" href=\"https:\/\/feuerwehr-fulda-ost.de\/index.php\/lf-20\/\" \/>\n<meta property=\"og:locale\" content=\"de_DE\" \/>\n<meta property=\"og:type\" content=\"article\" \/>\n<meta property=\"og:title\" content=\"LF 20 - Freiwillige Feuerwehr Fulda-Ost\" \/>\n<meta property=\"og:description\" content=\"Am 27.08.2020 haben wir unser neues LF20 aus Fulda Nord \u00fcbernehmen d\u00fcrfen. Das L\u00f6schgruppenfahrzeug 20 ist das zweite Fahrzeug, welches bei einem Einsatz ausr\u00fcckt. Technische Daten: Funkrufname Florian Fulda 50\/46\/1 Fahrgestell: Iveco 140 E 30 Leistung: 300 PS Aufbau: Magirus AluFire 3 Wassertank: 2000 Liter Schaumtank 150 Liter Gesamtgewicht: 14.500 Kg Baujahr: 2008\" \/>\n<meta property=\"og:url\" content=\"https:\/\/feuerwehr-fulda-ost.de\/index.php\/lf-20\/\" \/>\n<meta property=\"og:site_name\" content=\"Freiwillige Feuerwehr Fulda-Ost\" \/>\n<meta property=\"article:modified_time\" content=\"2020-08-27T10:36:33+00:00\" \/>\n<meta property=\"og:image\" content=\"https:\/\/feuerwehr-fulda-ost.de\/wp-content\/uploads\/2020\/08\/IMG_4942copy-300x293.jpg\" \/>\n<meta name=\"twitter:card\" content=\"summary_large_image\" \/>\n<meta name=\"twitter:site\" content=\"@FFWFuldaOst\" \/>\n<script type=\"application\/ld+json\" class=\"yoast-schema-graph\">{\"@context\":\"https:\\\/\\\/schema.org\",\"@graph\":[{\"@type\":\"WebPage\",\"@id\":\"https:\\\/\\\/feuerwehr-fulda-ost.de\\\/index.php\\\/lf-20\\\/\",\"url\":\"https:\\\/\\\/feuerwehr-fulda-ost.de\\\/index.php\\\/lf-20\\\/\",\"name\":\"LF 20 - Freiwillige Feuerwehr Fulda-Ost\",\"isPartOf\":{\"@id\":\"https:\\\/\\\/feuerwehr-fulda-ost.de\\\/#website\"},\"primaryImageOfPage\":{\"@id\":\"https:\\\/\\\/feuerwehr-fulda-ost.de\\\/index.php\\\/lf-20\\\/#primaryimage\"},\"image\":{\"@id\":\"https:\\\/\\\/feuerwehr-fulda-ost.de\\\/index.php\\\/lf-20\\\/#primaryimage\"},\"thumbnailUrl\":\"https:\\\/\\\/feuerwehr-fulda-ost.de\\\/wp-content\\\/uploads\\\/2020\\\/08\\\/IMG_4942copy-300x293.jpg\",\"datePublished\":\"2020-08-27T10:22:28+00:00\",\"dateModified\":\"2020-08-27T10:36:33+00:00\",\"breadcrumb\":{\"@id\":\"https:\\\/\\\/feuerwehr-fulda-ost.de\\\/index.php\\\/lf-20\\\/#breadcrumb\"},\"inLanguage\":\"de\",\"potentialAction\":[{\"@type\":\"ReadAction\",\"target\":[\"https:\\\/\\\/feuerwehr-fulda-ost.de\\\/index.php\\\/lf-20\\\/\"]}]},{\"@type\":\"ImageObject\",\"inLanguage\":\"de\",\"@id\":\"https:\\\/\\\/feuerwehr-fulda-ost.de\\\/index.php\\\/lf-20\\\/#primaryimage\",\"url\":\"https:\\\/\\\/feuerwehr-fulda-ost.de\\\/wp-content\\\/uploads\\\/2020\\\/08\\\/IMG_4942copy-scaled.jpg\",\"contentUrl\":\"https:\\\/\\\/feuerwehr-fulda-ost.de\\\/wp-content\\\/uploads\\\/2020\\\/08\\\/IMG_4942copy-scaled.jpg\",\"width\":2560,\"height\":2502},{\"@type\":\"BreadcrumbList\",\"@id\":\"https:\\\/\\\/feuerwehr-fulda-ost.de\\\/index.php\\\/lf-20\\\/#breadcrumb\",\"itemListElement\":[{\"@type\":\"ListItem\",\"position\":1,\"name\":\"Startseite\",\"item\":\"https:\\\/\\\/feuerwehr-fulda-ost.de\\\/\"},{\"@type\":\"ListItem\",\"position\":2,\"name\":\"LF 20\"}]},{\"@type\":\"WebSite\",\"@id\":\"https:\\\/\\\/feuerwehr-fulda-ost.de\\\/#website\",\"url\":\"https:\\\/\\\/feuerwehr-fulda-ost.de\\\/\",\"name\":\"Freiwillige Feuerwehr Fulda-Ost\",\"description\":\"Feuerwehrst\u00fctzpunkt Fulda-Ost\",\"publisher\":{\"@id\":\"https:\\\/\\\/feuerwehr-fulda-ost.de\\\/#organization\"},\"potentialAction\":[{\"@type\":\"SearchAction\",\"target\":{\"@type\":\"EntryPoint\",\"urlTemplate\":\"https:\\\/\\\/feuerwehr-fulda-ost.de\\\/?s={search_term_string}\"},\"query-input\":{\"@type\":\"PropertyValueSpecification\",\"valueRequired\":true,\"valueName\":\"search_term_string\"}}],\"inLanguage\":\"de\"},{\"@type\":\"Organization\",\"@id\":\"https:\\\/\\\/feuerwehr-fulda-ost.de\\\/#organization\",\"name\":\"Freiwillige Feuerwehr Fulda-Ost\",\"url\":\"https:\\\/\\\/feuerwehr-fulda-ost.de\\\/\",\"logo\":{\"@type\":\"ImageObject\",\"inLanguage\":\"de\",\"@id\":\"https:\\\/\\\/feuerwehr-fulda-ost.de\\\/#\\\/schema\\\/logo\\\/image\\\/\",\"url\":\"https:\\\/\\\/feuerwehr-fulda-ost.de\\\/wp-content\\\/uploads\\\/2018\\\/06\\\/LogoFFFuldaOst01.png\",\"contentUrl\":\"https:\\\/\\\/feuerwehr-fulda-ost.de\\\/wp-content\\\/uploads\\\/2018\\\/06\\\/LogoFFFuldaOst01.png\",\"width\":1028,\"height\":257,\"caption\":\"Freiwillige Feuerwehr Fulda-Ost\"},\"image\":{\"@id\":\"https:\\\/\\\/feuerwehr-fulda-ost.de\\\/#\\\/schema\\\/logo\\\/image\\\/\"},\"sameAs\":[\"https:\\\/\\\/x.com\\\/FFWFuldaOst\"]}]}<\/script>\n<!-- \/ Yoast SEO plugin. -->","yoast_head_json":{"title":"LF 20 - Freiwillige Feuerwehr Fulda-Ost","robots":{"index":"index","follow":"follow","max-snippet":"max-snippet:-1","max-image-preview":"max-image-preview:large","max-video-preview":"max-video-preview:-1"},"canonical":"https:\/\/feuerwehr-fulda-ost.de\/index.php\/lf-20\/","og_locale":"de_DE","og_type":"article","og_title":"LF 20 - Freiwillige Feuerwehr Fulda-Ost","og_description":"Am 27.08.2020 haben wir unser neues LF20 aus Fulda Nord \u00fcbernehmen d\u00fcrfen. Das L\u00f6schgruppenfahrzeug 20 ist das zweite Fahrzeug, welches bei einem Einsatz ausr\u00fcckt. Technische Daten: Funkrufname Florian Fulda 50\/46\/1 Fahrgestell: Iveco 140 E 30 Leistung: 300 PS Aufbau: Magirus AluFire 3 Wassertank: 2000 Liter Schaumtank 150 Liter Gesamtgewicht: 14.500 Kg Baujahr: 2008","og_url":"https:\/\/feuerwehr-fulda-ost.de\/index.php\/lf-20\/","og_site_name":"Freiwillige Feuerwehr Fulda-Ost","article_modified_time":"2020-08-27T10:36:33+00:00","og_image":[{"url":"https:\/\/feuerwehr-fulda-ost.de\/wp-content\/uploads\/2020\/08\/IMG_4942copy-300x293.jpg","type":"","width":"","height":""}],"twitter_card":"summary_large_image","twitter_site":"@FFWFuldaOst","schema":{"@context":"https:\/\/schema.org","@graph":[{"@type":"WebPage","@id":"https:\/\/feuerwehr-fulda-ost.de\/index.php\/lf-20\/","url":"https:\/\/feuerwehr-fulda-ost.de\/index.php\/lf-20\/","name":"LF 20 - Freiwillige Feuerwehr Fulda-Ost","isPartOf":{"@id":"https:\/\/feuerwehr-fulda-ost.de\/#website"},"primaryImageOfPage":{"@id":"https:\/\/feuerwehr-fulda-ost.de\/index.php\/lf-20\/#primaryimage"},"image":{"@id":"https:\/\/feuerwehr-fulda-ost.de\/index.php\/lf-20\/#primaryimage"},"thumbnailUrl":"https:\/\/feuerwehr-fulda-ost.de\/wp-content\/uploads\/2020\/08\/IMG_4942copy-300x293.jpg","datePublished":"2020-08-27T10:22:28+00:00","dateModified":"2020-08-27T10:36:33+00:00","breadcrumb":{"@id":"https:\/\/feuerwehr-fulda-ost.de\/index.php\/lf-20\/#breadcrumb"},"inLanguage":"de","potentialAction":[{"@type":"ReadAction","target":["https:\/\/feuerwehr-fulda-ost.de\/index.php\/lf-20\/"]}]},{"@type":"ImageObject","inLanguage":"de","@id":"https:\/\/feuerwehr-fulda-ost.de\/index.php\/lf-20\/#primaryimage","url":"https:\/\/feuerwehr-fulda-ost.de\/wp-content\/uploads\/2020\/08\/IMG_4942copy-scaled.jpg","contentUrl":"https:\/\/feuerwehr-fulda-ost.de\/wp-content\/uploads\/2020\/08\/IMG_4942copy-scaled.jpg","width":2560,"height":2502},{"@type":"BreadcrumbList","@id":"https:\/\/feuerwehr-fulda-ost.de\/index.php\/lf-20\/#breadcrumb","itemListElement":[{"@type":"ListItem","position":1,"name":"Startseite","item":"https:\/\/feuerwehr-fulda-ost.de\/"},{"@type":"ListItem","position":2,"name":"LF 20"}]},{"@type":"WebSite","@id":"https:\/\/feuerwehr-fulda-ost.de\/#website","url":"https:\/\/feuerwehr-fulda-ost.de\/","name":"Freiwillige Feuerwehr Fulda-Ost","description":"Feuerwehrst\u00fctzpunkt Fulda-Ost","publisher":{"@id":"https:\/\/feuerwehr-fulda-ost.de\/#organization"},"potentialAction":[{"@type":"SearchAction","target":{"@type":"EntryPoint","urlTemplate":"https:\/\/feuerwehr-fulda-ost.de\/?s={search_term_string}"},"query-input":{"@type":"PropertyValueSpecification","valueRequired":true,"valueName":"search_term_string"}}],"inLanguage":"de"},{"@type":"Organization","@id":"https:\/\/feuerwehr-fulda-ost.de\/#organization","name":"Freiwillige Feuerwehr Fulda-Ost","url":"https:\/\/feuerwehr-fulda-ost.de\/","logo":{"@type":"ImageObject","inLanguage":"de","@id":"https:\/\/feuerwehr-fulda-ost.de\/#\/schema\/logo\/image\/","url":"https:\/\/feuerwehr-fulda-ost.de\/wp-content\/uploads\/2018\/06\/LogoFFFuldaOst01.png","contentUrl":"https:\/\/feuerwehr-fulda-ost.de\/wp-content\/uploads\/2018\/06\/LogoFFFuldaOst01.png","width":1028,"height":257,"caption":"Freiwillige Feuerwehr Fulda-Ost"},"image":{"@id":"https:\/\/feuerwehr-fulda-ost.de\/#\/schema\/logo\/image\/"},"sameAs":["https:\/\/x.com\/FFWFuldaOst"]}]}},"_links":{"self":[{"href":"https:\/\/feuerwehr-fulda-ost.de\/index.php\/wp-json\/wp\/v2\/pages\/364","targetHints":{"allow":["GET"]}}],"collection":[{"href":"https:\/\/feuerwehr-fulda-ost.de\/index.php\/wp-json\/wp\/v2\/pages"}],"about":[{"href":"https:\/\/feuerwehr-fulda-ost.de\/index.php\/wp-json\/wp\/v2\/types\/page"}],"author":[{"embeddable":true,"href":"https:\/\/feuerwehr-fulda-ost.de\/index.php\/wp-json\/wp\/v2\/users\/3"}],"replies":[{"embeddable":true,"href":"https:\/\/feuerwehr-fulda-ost.de\/index.php\/wp-json\/wp\/v2\/comments?post=364"}],"version-history":[{"count":3,"href":"https:\/\/feuerwehr-fulda-ost.de\/index.php\/wp-json\/wp\/v2\/pages\/364\/revisions"}],"predecessor-version":[{"id":372,"href":"https:\/\/feuerwehr-fulda-ost.de\/index.php\/wp-json\/wp\/v2\/pages\/364\/revisions\/372"}],"wp:attachment":[{"href":"https:\/\/feuerwehr-fulda-ost.de\/index.php\/wp-json\/wp\/v2\/media?parent=364"}],"curies":[{"name":"wp","href":"https:\/\/api.w.org\/{rel}","templated":true}]}}