{"id":104,"date":"2018-12-18T12:35:02","date_gmt":"2018-12-18T12:35:02","guid":{"rendered":"https:\/\/feuerwehr-fulda-ost.de\/?page_id=104"},"modified":"2024-01-18T13:18:39","modified_gmt":"2024-01-18T13:18:39","slug":"wehrfuehrung","status":"publish","type":"page","link":"https:\/\/feuerwehr-fulda-ost.de\/index.php\/wehrfuehrung\/","title":{"rendered":"Wehrf\u00fchrung"},"content":{"rendered":"\n<p>Die Wehrf\u00fchrung Fulda-Ost besteht aus folgenden Kameraden:<br><\/p>\n\n\n\n<ul class=\"wp-block-list\">\n<li>Wehrf\u00fchrer: Ingo Alt<\/li>\n\n\n\n<li>1. Stellv. Wehrf\u00fchrer und Zugf\u00fchrer L\u00f6schzug 1: Jascha Botzet<br><\/li>\n\n\n\n<li>Stellv. Zugf\u00fchrer L\u00f6schzug 1: Volker Goldmann<\/li>\n\n\n\n<li>2. Stellv. Wehrf\u00fchrer und Stellv. Zugf\u00fchrer L\u00f6schzug 2: J\u00f6rg Hirsch<\/li>\n\n\n\n<li>Zugf\u00fchrer L\u00f6schzug 2: Matth\u00e4us Labus<\/li>\n<\/ul>\n\n\n\n<p><\/p>\n","protected":false},"excerpt":{"rendered":"<p>Die Wehrf\u00fchrung Fulda-Ost besteht aus folgenden Kameraden:<\/p>\n","protected":false},"author":2,"featured_media":0,"parent":0,"menu_order":0,"comment_status":"closed","ping_status":"closed","template":"","meta":{"footnotes":""},"class_list":["post-104","page","type-page","status-publish","hentry"],"yoast_head":"<!-- This site is optimized with the Yoast SEO plugin v27.3 - https:\/\/yoast.com\/product\/yoast-seo-wordpress\/ -->\n<title>Wehrf\u00fchrung - Freiwillige Feuerwehr Fulda-Ost<\/title>\n<meta name=\"robots\" content=\"index, follow, max-snippet:-1, max-image-preview:large, max-video-preview:-1\" \/>\n<link rel=\"canonical\" href=\"https:\/\/feuerwehr-fulda-ost.de\/index.php\/wehrfuehrung\/\" \/>\n<meta property=\"og:locale\" content=\"de_DE\" \/>\n<meta property=\"og:type\" content=\"article\" \/>\n<meta property=\"og:title\" content=\"Wehrf\u00fchrung - Freiwillige Feuerwehr Fulda-Ost\" \/>\n<meta property=\"og:description\" content=\"Die Wehrf\u00fchrung Fulda-Ost besteht aus folgenden Kameraden:\" \/>\n<meta property=\"og:url\" content=\"https:\/\/feuerwehr-fulda-ost.de\/index.php\/wehrfuehrung\/\" \/>\n<meta property=\"og:site_name\" content=\"Freiwillige Feuerwehr Fulda-Ost\" \/>\n<meta property=\"article:modified_time\" content=\"2024-01-18T13:18:39+00:00\" \/>\n<meta name=\"twitter:card\" content=\"summary_large_image\" \/>\n<meta name=\"twitter:site\" content=\"@FFWFuldaOst\" \/>\n<meta name=\"twitter:label1\" content=\"Gesch\u00e4tzte Lesezeit\" \/>\n\t<meta name=\"twitter:data1\" content=\"1\u00a0Minute\" \/>\n<script type=\"application\/ld+json\" class=\"yoast-schema-graph\">{\"@context\":\"https:\\\/\\\/schema.org\",\"@graph\":[{\"@type\":\"WebPage\",\"@id\":\"https:\\\/\\\/feuerwehr-fulda-ost.de\\\/index.php\\\/wehrfuehrung\\\/\",\"url\":\"https:\\\/\\\/feuerwehr-fulda-ost.de\\\/index.php\\\/wehrfuehrung\\\/\",\"name\":\"Wehrf\u00fchrung - Freiwillige Feuerwehr Fulda-Ost\",\"isPartOf\":{\"@id\":\"https:\\\/\\\/feuerwehr-fulda-ost.de\\\/#website\"},\"datePublished\":\"2018-12-18T12:35:02+00:00\",\"dateModified\":\"2024-01-18T13:18:39+00:00\",\"breadcrumb\":{\"@id\":\"https:\\\/\\\/feuerwehr-fulda-ost.de\\\/index.php\\\/wehrfuehrung\\\/#breadcrumb\"},\"inLanguage\":\"de\",\"potentialAction\":[{\"@type\":\"ReadAction\",\"target\":[\"https:\\\/\\\/feuerwehr-fulda-ost.de\\\/index.php\\\/wehrfuehrung\\\/\"]}]},{\"@type\":\"BreadcrumbList\",\"@id\":\"https:\\\/\\\/feuerwehr-fulda-ost.de\\\/index.php\\\/wehrfuehrung\\\/#breadcrumb\",\"itemListElement\":[{\"@type\":\"ListItem\",\"position\":1,\"name\":\"Startseite\",\"item\":\"https:\\\/\\\/feuerwehr-fulda-ost.de\\\/\"},{\"@type\":\"ListItem\",\"position\":2,\"name\":\"Wehrf\u00fchrung\"}]},{\"@type\":\"WebSite\",\"@id\":\"https:\\\/\\\/feuerwehr-fulda-ost.de\\\/#website\",\"url\":\"https:\\\/\\\/feuerwehr-fulda-ost.de\\\/\",\"name\":\"Freiwillige Feuerwehr Fulda-Ost\",\"description\":\"Feuerwehrst\u00fctzpunkt Fulda-Ost\",\"publisher\":{\"@id\":\"https:\\\/\\\/feuerwehr-fulda-ost.de\\\/#organization\"},\"potentialAction\":[{\"@type\":\"SearchAction\",\"target\":{\"@type\":\"EntryPoint\",\"urlTemplate\":\"https:\\\/\\\/feuerwehr-fulda-ost.de\\\/?s={search_term_string}\"},\"query-input\":{\"@type\":\"PropertyValueSpecification\",\"valueRequired\":true,\"valueName\":\"search_term_string\"}}],\"inLanguage\":\"de\"},{\"@type\":\"Organization\",\"@id\":\"https:\\\/\\\/feuerwehr-fulda-ost.de\\\/#organization\",\"name\":\"Freiwillige Feuerwehr Fulda-Ost\",\"url\":\"https:\\\/\\\/feuerwehr-fulda-ost.de\\\/\",\"logo\":{\"@type\":\"ImageObject\",\"inLanguage\":\"de\",\"@id\":\"https:\\\/\\\/feuerwehr-fulda-ost.de\\\/#\\\/schema\\\/logo\\\/image\\\/\",\"url\":\"https:\\\/\\\/feuerwehr-fulda-ost.de\\\/wp-content\\\/uploads\\\/2018\\\/06\\\/LogoFFFuldaOst01.png\",\"contentUrl\":\"https:\\\/\\\/feuerwehr-fulda-ost.de\\\/wp-content\\\/uploads\\\/2018\\\/06\\\/LogoFFFuldaOst01.png\",\"width\":1028,\"height\":257,\"caption\":\"Freiwillige Feuerwehr Fulda-Ost\"},\"image\":{\"@id\":\"https:\\\/\\\/feuerwehr-fulda-ost.de\\\/#\\\/schema\\\/logo\\\/image\\\/\"},\"sameAs\":[\"https:\\\/\\\/x.com\\\/FFWFuldaOst\"]}]}<\/script>\n<!-- \/ Yoast SEO plugin. -->","yoast_head_json":{"title":"Wehrf\u00fchrung - Freiwillige Feuerwehr Fulda-Ost","robots":{"index":"index","follow":"follow","max-snippet":"max-snippet:-1","max-image-preview":"max-image-preview:large","max-video-preview":"max-video-preview:-1"},"canonical":"https:\/\/feuerwehr-fulda-ost.de\/index.php\/wehrfuehrung\/","og_locale":"de_DE","og_type":"article","og_title":"Wehrf\u00fchrung - Freiwillige Feuerwehr Fulda-Ost","og_description":"Die Wehrf\u00fchrung Fulda-Ost besteht aus folgenden Kameraden:","og_url":"https:\/\/feuerwehr-fulda-ost.de\/index.php\/wehrfuehrung\/","og_site_name":"Freiwillige Feuerwehr Fulda-Ost","article_modified_time":"2024-01-18T13:18:39+00:00","twitter_card":"summary_large_image","twitter_site":"@FFWFuldaOst","twitter_misc":{"Gesch\u00e4tzte Lesezeit":"1\u00a0Minute"},"schema":{"@context":"https:\/\/schema.org","@graph":[{"@type":"WebPage","@id":"https:\/\/feuerwehr-fulda-ost.de\/index.php\/wehrfuehrung\/","url":"https:\/\/feuerwehr-fulda-ost.de\/index.php\/wehrfuehrung\/","name":"Wehrf\u00fchrung - Freiwillige Feuerwehr Fulda-Ost","isPartOf":{"@id":"https:\/\/feuerwehr-fulda-ost.de\/#website"},"datePublished":"2018-12-18T12:35:02+00:00","dateModified":"2024-01-18T13:18:39+00:00","breadcrumb":{"@id":"https:\/\/feuerwehr-fulda-ost.de\/index.php\/wehrfuehrung\/#breadcrumb"},"inLanguage":"de","potentialAction":[{"@type":"ReadAction","target":["https:\/\/feuerwehr-fulda-ost.de\/index.php\/wehrfuehrung\/"]}]},{"@type":"BreadcrumbList","@id":"https:\/\/feuerwehr-fulda-ost.de\/index.php\/wehrfuehrung\/#breadcrumb","itemListElement":[{"@type":"ListItem","position":1,"name":"Startseite","item":"https:\/\/feuerwehr-fulda-ost.de\/"},{"@type":"ListItem","position":2,"name":"Wehrf\u00fchrung"}]},{"@type":"WebSite","@id":"https:\/\/feuerwehr-fulda-ost.de\/#website","url":"https:\/\/feuerwehr-fulda-ost.de\/","name":"Freiwillige Feuerwehr Fulda-Ost","description":"Feuerwehrst\u00fctzpunkt Fulda-Ost","publisher":{"@id":"https:\/\/feuerwehr-fulda-ost.de\/#organization"},"potentialAction":[{"@type":"SearchAction","target":{"@type":"EntryPoint","urlTemplate":"https:\/\/feuerwehr-fulda-ost.de\/?s={search_term_string}"},"query-input":{"@type":"PropertyValueSpecification","valueRequired":true,"valueName":"search_term_string"}}],"inLanguage":"de"},{"@type":"Organization","@id":"https:\/\/feuerwehr-fulda-ost.de\/#organization","name":"Freiwillige Feuerwehr Fulda-Ost","url":"https:\/\/feuerwehr-fulda-ost.de\/","logo":{"@type":"ImageObject","inLanguage":"de","@id":"https:\/\/feuerwehr-fulda-ost.de\/#\/schema\/logo\/image\/","url":"https:\/\/feuerwehr-fulda-ost.de\/wp-content\/uploads\/2018\/06\/LogoFFFuldaOst01.png","contentUrl":"https:\/\/feuerwehr-fulda-ost.de\/wp-content\/uploads\/2018\/06\/LogoFFFuldaOst01.png","width":1028,"height":257,"caption":"Freiwillige Feuerwehr Fulda-Ost"},"image":{"@id":"https:\/\/feuerwehr-fulda-ost.de\/#\/schema\/logo\/image\/"},"sameAs":["https:\/\/x.com\/FFWFuldaOst"]}]}},"_links":{"self":[{"href":"https:\/\/feuerwehr-fulda-ost.de\/index.php\/wp-json\/wp\/v2\/pages\/104","targetHints":{"allow":["GET"]}}],"collection":[{"href":"https:\/\/feuerwehr-fulda-ost.de\/index.php\/wp-json\/wp\/v2\/pages"}],"about":[{"href":"https:\/\/feuerwehr-fulda-ost.de\/index.php\/wp-json\/wp\/v2\/types\/page"}],"author":[{"embeddable":true,"href":"https:\/\/feuerwehr-fulda-ost.de\/index.php\/wp-json\/wp\/v2\/users\/2"}],"replies":[{"embeddable":true,"href":"https:\/\/feuerwehr-fulda-ost.de\/index.php\/wp-json\/wp\/v2\/comments?post=104"}],"version-history":[{"count":7,"href":"https:\/\/feuerwehr-fulda-ost.de\/index.php\/wp-json\/wp\/v2\/pages\/104\/revisions"}],"predecessor-version":[{"id":452,"href":"https:\/\/feuerwehr-fulda-ost.de\/index.php\/wp-json\/wp\/v2\/pages\/104\/revisions\/452"}],"wp:attachment":[{"href":"https:\/\/feuerwehr-fulda-ost.de\/index.php\/wp-json\/wp\/v2\/media?parent=104"}],"curies":[{"name":"wp","href":"https:\/\/api.w.org\/{rel}","templated":true}]}}